{"id":454,"date":"2023-11-29T12:27:00","date_gmt":"2023-11-29T12:27:00","guid":{"rendered":"http:\/\/finaccon.sk\/wordpress\/?page_id=454"},"modified":"2024-01-24T13:10:39","modified_gmt":"2024-01-24T13:10:39","slug":"mzdy-personalistika-3","status":"publish","type":"page","link":"https:\/\/finaccon.sk\/index.php\/mzdy-personalistika-3\/","title":{"rendered":"Mzdy &#038; personalistika"},"content":{"rendered":"\t\t<div data-elementor-type=\"wp-page\" data-elementor-id=\"454\" class=\"elementor elementor-454\" data-elementor-post-type=\"page\">\n\t\t\t\t<div class=\"elementor-element elementor-element-d348175 e-flex e-con-boxed e-con e-parent\" data-id=\"d348175\" data-element_type=\"container\" data-settings=\"{&quot;content_width&quot;:&quot;boxed&quot;}\" data-core-v316-plus=\"true\">\n\t\t\t\t\t<div class=\"e-con-inner\">\n\t\t<div class=\"elementor-element elementor-element-91bc17a e-con-full e-flex e-con e-child\" data-id=\"91bc17a\" data-element_type=\"container\" data-settings=\"{&quot;content_width&quot;:&quot;full&quot;,&quot;background_background&quot;:&quot;classic&quot;}\">\n\t\t\t\t<div class=\"elementor-element elementor-element-3d79cb5 elementor-widget elementor-widget-heading\" data-id=\"3d79cb5\" data-element_type=\"widget\" data-widget_type=\"heading.default\">\n\t\t\t\t<div class=\"elementor-widget-container\">\n\t\t\t<style>\/*! elementor - v3.19.0 - 29-01-2024 *\/\n.elementor-heading-title{padding:0;margin:0;line-height:1}.elementor-widget-heading .elementor-heading-title[class*=elementor-size-]>a{color:inherit;font-size:inherit;line-height:inherit}.elementor-widget-heading .elementor-heading-title.elementor-size-small{font-size:15px}.elementor-widget-heading .elementor-heading-title.elementor-size-medium{font-size:19px}.elementor-widget-heading .elementor-heading-title.elementor-size-large{font-size:29px}.elementor-widget-heading .elementor-heading-title.elementor-size-xl{font-size:39px}.elementor-widget-heading .elementor-heading-title.elementor-size-xxl{font-size:59px}<\/style><h2 class=\"elementor-heading-title elementor-size-default\">Mzdov\u00e1 a<br>\nperson\u00e1lna \u2028agenda<\/h2>\t\t<\/div>\n\t\t\t\t<\/div>\n\t\t\t\t<div class=\"elementor-element elementor-element-fc057b4 elementor-widget elementor-widget-button\" data-id=\"fc057b4\" data-element_type=\"widget\" data-widget_type=\"button.default\">\n\t\t\t\t<div class=\"elementor-widget-container\">\n\t\t\t\t\t<div class=\"elementor-button-wrapper\">\n\t\t\t<a class=\"elementor-button elementor-button-link elementor-size-sm\" href=\"#content\">\n\t\t\t\t\t\t<span class=\"elementor-button-content-wrapper\">\n\t\t\t\t\t\t<span class=\"elementor-button-text\">Zisti\u0165 viac<\/span>\n\t\t<\/span>\n\t\t\t\t\t<\/a>\n\t\t<\/div>\n\t\t\t\t<\/div>\n\t\t\t\t<\/div>\n\t\t\t\t<\/div>\n\t\t\t\t<div class=\"elementor-element elementor-element-98b184b elementor-widget elementor-widget-spacer\" data-id=\"98b184b\" data-element_type=\"widget\" data-widget_type=\"spacer.default\">\n\t\t\t\t<div class=\"elementor-widget-container\">\n\t\t\t<style>\/*! elementor - v3.19.0 - 29-01-2024 *\/\n.elementor-column .elementor-spacer-inner{height:var(--spacer-size)}.e-con{--container-widget-width:100%}.e-con-inner>.elementor-widget-spacer,.e-con>.elementor-widget-spacer{width:var(--container-widget-width,var(--spacer-size));--align-self:var(--container-widget-align-self,initial);--flex-shrink:0}.e-con-inner>.elementor-widget-spacer>.elementor-widget-container,.e-con>.elementor-widget-spacer>.elementor-widget-container{height:100%;width:100%}.e-con-inner>.elementor-widget-spacer>.elementor-widget-container>.elementor-spacer,.e-con>.elementor-widget-spacer>.elementor-widget-container>.elementor-spacer{height:100%}.e-con-inner>.elementor-widget-spacer>.elementor-widget-container>.elementor-spacer>.elementor-spacer-inner,.e-con>.elementor-widget-spacer>.elementor-widget-container>.elementor-spacer>.elementor-spacer-inner{height:var(--container-widget-height,var(--spacer-size))}.e-con-inner>.elementor-widget-spacer.elementor-widget-empty,.e-con>.elementor-widget-spacer.elementor-widget-empty{position:relative;min-height:22px;min-width:22px}.e-con-inner>.elementor-widget-spacer.elementor-widget-empty .elementor-widget-empty-icon,.e-con>.elementor-widget-spacer.elementor-widget-empty .elementor-widget-empty-icon{position:absolute;top:0;bottom:0;left:0;right:0;margin:auto;padding:0;width:22px;height:22px}<\/style>\t\t<div class=\"elementor-spacer\">\n\t\t\t<div class=\"elementor-spacer-inner\"><\/div>\n\t\t<\/div>\n\t\t\t\t<\/div>\n\t\t\t\t<\/div>\n\t\t\t\t\t<\/div>\n\t\t\t\t<\/div>\n\t\t<div class=\"elementor-element elementor-element-65e87d2 e-flex e-con-boxed e-con e-parent\" data-id=\"65e87d2\" data-element_type=\"container\" id=\"content\" data-settings=\"{&quot;content_width&quot;:&quot;boxed&quot;}\" data-core-v316-plus=\"true\">\n\t\t\t\t\t<div class=\"e-con-inner\">\n\t\t<div class=\"elementor-element elementor-element-34f4784 e-con-full e-flex e-con e-child\" data-id=\"34f4784\" data-element_type=\"container\" data-settings=\"{&quot;content_width&quot;:&quot;full&quot;,&quot;background_background&quot;:&quot;classic&quot;}\">\n\t\t\t\t<div class=\"elementor-element elementor-element-9972a46 elementor-widget elementor-widget-text-editor\" data-id=\"9972a46\" data-element_type=\"widget\" data-widget_type=\"text-editor.default\">\n\t\t\t\t<div class=\"elementor-widget-container\">\n\t\t\t<style>\/*! elementor - v3.19.0 - 29-01-2024 *\/\n.elementor-widget-text-editor.elementor-drop-cap-view-stacked .elementor-drop-cap{background-color:#69727d;color:#fff}.elementor-widget-text-editor.elementor-drop-cap-view-framed .elementor-drop-cap{color:#69727d;border:3px solid;background-color:transparent}.elementor-widget-text-editor:not(.elementor-drop-cap-view-default) .elementor-drop-cap{margin-top:8px}.elementor-widget-text-editor:not(.elementor-drop-cap-view-default) .elementor-drop-cap-letter{width:1em;height:1em}.elementor-widget-text-editor .elementor-drop-cap{float:left;text-align:center;line-height:1;font-size:50px}.elementor-widget-text-editor .elementor-drop-cap-letter{display:inline-block}<\/style>\t\t\t\t<div class=\"text-wrapper\">\n<div style=\"display: inline-block; float: left; width: 10%;\"><img decoding=\"async\" class=\"text-counter\" src=\"\/wp-content\/uploads\/2023\/11\/Number-1-2.svg\" \/><\/div>\n<div style=\"display: inline-block; float: left; width: 90%;\">\n<h2 class=\"text-header\">Mzdov\u00e1 agenda<\/h2>\n<\/div>\n<\/div>\n<div style=\"clear: both;\"><\/div>\n<ul>\n \t<li>v\u00fdplatn\u00e9 listiny, mzdov\u00e9 listy<\/li>\n \t<li>potvrdenia o pr\u00edjmoch, evidencia dovoleniek<\/li>\n \t<li>v\u00fdpo\u010dty nemocensk\u00fdch d\u00e1vok<\/li>\n \t<li>preh\u013eady o vymeriavac\u00edch n\u00e1kladoch, v\u00fdkazy do pois\u0165ovn\u00ed<\/li>\n \t<li>ro\u010dn\u00e9 z\u00fa\u010dtovania dane zo z\u00e1vislej \u010dinnosti a pr\u00edprava dokladov\u2028pre \u00fa\u010dtovn\u00edctvo<\/li>\n<\/ul>\t\t\t\t\t\t<\/div>\n\t\t\t\t<\/div>\n\t\t\t\t<\/div>\n\t\t<div class=\"elementor-element elementor-element-9132ea0 e-con-full e-flex e-con e-child\" data-id=\"9132ea0\" data-element_type=\"container\" data-settings=\"{&quot;content_width&quot;:&quot;full&quot;,&quot;background_background&quot;:&quot;classic&quot;}\">\n\t\t\t\t<div class=\"elementor-element elementor-element-6d92219 elementor-widget elementor-widget-text-editor\" data-id=\"6d92219\" data-element_type=\"widget\" data-widget_type=\"text-editor.default\">\n\t\t\t\t<div class=\"elementor-widget-container\">\n\t\t\t\t\t\t\t<div class=\"text-wrapper\">\n<div style=\"display: inline-block; float: left; width: 10%;\"><img decoding=\"async\" class=\"text-counter-2\" src=\"\/wp-content\/uploads\/2023\/11\/Number-2.svg\" \/><\/div>\n<div style=\"display: inline-block; float: left; width: 90%;\">\n<h2 class=\"text-header\">Person\u00e1lna agenda<\/h2>\n<\/div>\n<\/div>\n<div style=\"clear: both;\"><\/div>\n<ul>\n \t<li>pracovn\u00e9 zmluvy, eviden\u010dn\u00e9 listy<\/li>\n<\/ul>\t\t\t\t\t\t<\/div>\n\t\t\t\t<\/div>\n\t\t\t\t<\/div>\n\t\t\t\t\t<\/div>\n\t\t\t\t<\/div>\n\t\t<div class=\"elementor-element elementor-element-6c65d60 e-flex e-con-boxed e-con e-parent\" data-id=\"6c65d60\" data-element_type=\"container\" data-settings=\"{&quot;content_width&quot;:&quot;boxed&quot;}\" data-core-v316-plus=\"true\">\n\t\t\t\t\t<div class=\"e-con-inner\">\n\t\t\t\t<div class=\"elementor-element elementor-element-8af1085 elementor-widget elementor-widget-spacer\" data-id=\"8af1085\" data-element_type=\"widget\" data-widget_type=\"spacer.default\">\n\t\t\t\t<div class=\"elementor-widget-container\">\n\t\t\t\t\t<div class=\"elementor-spacer\">\n\t\t\t<div class=\"elementor-spacer-inner\"><\/div>\n\t\t<\/div>\n\t\t\t\t<\/div>\n\t\t\t\t<\/div>\n\t\t\t\t\t<\/div>\n\t\t\t\t<\/div>\n\t\t\t\t<\/div>\n\t\t","protected":false},"excerpt":{"rendered":"<p>Mzdov\u00e1 a person\u00e1lna \u2028agenda Zisti\u0165 viac Mzdov\u00e1 agenda v\u00fdplatn\u00e9 listiny, mzdov\u00e9 listy potvrdenia o pr\u00edjmoch, evidencia dovoleniek v\u00fdpo\u010dty nemocensk\u00fdch d\u00e1vok preh\u013eady o vymeriavac\u00edch n\u00e1kladoch, v\u00fdkazy do pois\u0165ovn\u00ed ro\u010dn\u00e9 z\u00fa\u010dtovania dane zo z\u00e1vislej \u010dinnosti a pr\u00edprava dokladov\u2028pre \u00fa\u010dtovn\u00edctvo Person\u00e1lna agenda pracovn\u00e9 zmluvy, eviden\u010dn\u00e9 listy<\/p>\n","protected":false},"author":1,"featured_media":0,"parent":0,"menu_order":0,"comment_status":"closed","ping_status":"closed","template":"elementor_header_footer","meta":{"inline_featured_image":false,"footnotes":""},"class_list":["post-454","page","type-page","status-publish","hentry"],"_links":{"self":[{"href":"https:\/\/finaccon.sk\/index.php\/wp-json\/wp\/v2\/pages\/454","targetHints":{"allow":["GET"]}}],"collection":[{"href":"https:\/\/finaccon.sk\/index.php\/wp-json\/wp\/v2\/pages"}],"about":[{"href":"https:\/\/finaccon.sk\/index.php\/wp-json\/wp\/v2\/types\/page"}],"author":[{"embeddable":true,"href":"https:\/\/finaccon.sk\/index.php\/wp-json\/wp\/v2\/users\/1"}],"replies":[{"embeddable":true,"href":"https:\/\/finaccon.sk\/index.php\/wp-json\/wp\/v2\/comments?post=454"}],"version-history":[{"count":34,"href":"https:\/\/finaccon.sk\/index.php\/wp-json\/wp\/v2\/pages\/454\/revisions"}],"predecessor-version":[{"id":687,"href":"https:\/\/finaccon.sk\/index.php\/wp-json\/wp\/v2\/pages\/454\/revisions\/687"}],"wp:attachment":[{"href":"https:\/\/finaccon.sk\/index.php\/wp-json\/wp\/v2\/media?parent=454"}],"curies":[{"name":"wp","href":"https:\/\/api.w.org\/{rel}","templated":true}]}}