{"id":9,"date":"2023-11-21T12:57:47","date_gmt":"2023-11-21T12:57:47","guid":{"rendered":"http:\/\/finaccon.sk\/wordpress\/?page_id=9"},"modified":"2024-01-24T13:06:46","modified_gmt":"2024-01-24T13:06:46","slug":"elementor-9","status":"publish","type":"page","link":"https:\/\/finaccon.sk\/","title":{"rendered":"Homepage"},"content":{"rendered":"\t\t<div data-elementor-type=\"wp-post\" data-elementor-id=\"9\" class=\"elementor elementor-9\" data-elementor-post-type=\"page\">\n\t\t\t\t<div class=\"elementor-element elementor-element-3b7625c e-flex e-con-boxed e-con e-parent\" data-id=\"3b7625c\" data-element_type=\"container\" data-settings=\"{&quot;background_background&quot;:&quot;classic&quot;,&quot;content_width&quot;:&quot;boxed&quot;}\" data-core-v316-plus=\"true\">\n\t\t\t\t\t<div class=\"e-con-inner\">\n\t\t<div class=\"elementor-element elementor-element-d0e845f e-flex e-con-boxed e-con e-child\" data-id=\"d0e845f\" data-element_type=\"container\" data-settings=\"{&quot;background_background&quot;:&quot;classic&quot;,&quot;content_width&quot;:&quot;boxed&quot;}\">\n\t\t\t\t\t<div class=\"e-con-inner\">\n\t\t\t\t<div class=\"elementor-element elementor-element-b1ca745 elementor-widget elementor-widget-heading\" data-id=\"b1ca745\" data-element_type=\"widget\" data-widget_type=\"heading.default\">\n\t\t\t\t<div class=\"elementor-widget-container\">\n\t\t\t<style>\/*! elementor - v3.19.0 - 29-01-2024 *\/\n.elementor-heading-title{padding:0;margin:0;line-height:1}.elementor-widget-heading .elementor-heading-title[class*=elementor-size-]>a{color:inherit;font-size:inherit;line-height:inherit}.elementor-widget-heading .elementor-heading-title.elementor-size-small{font-size:15px}.elementor-widget-heading .elementor-heading-title.elementor-size-medium{font-size:19px}.elementor-widget-heading .elementor-heading-title.elementor-size-large{font-size:29px}.elementor-widget-heading .elementor-heading-title.elementor-size-xl{font-size:39px}.elementor-widget-heading .elementor-heading-title.elementor-size-xxl{font-size:59px}<\/style><h2 class=\"elementor-heading-title elementor-size-default\">\u00da\u010dtovn\u00edctvo a<br>\nporadenstvo<\/h2>\t\t<\/div>\n\t\t\t\t<\/div>\n\t\t\t\t<div class=\"elementor-element elementor-element-b80fc92 elementor-widget elementor-widget-button\" data-id=\"b80fc92\" data-element_type=\"widget\" data-widget_type=\"button.default\">\n\t\t\t\t<div class=\"elementor-widget-container\">\n\t\t\t\t\t<div class=\"elementor-button-wrapper\">\n\t\t\t<a class=\"elementor-button elementor-button-link elementor-size-sm\" href=\"#content\">\n\t\t\t\t\t\t<span class=\"elementor-button-content-wrapper\">\n\t\t\t\t\t\t<span class=\"elementor-button-text\">Zisti\u0165 viac<\/span>\n\t\t<\/span>\n\t\t\t\t\t<\/a>\n\t\t<\/div>\n\t\t\t\t<\/div>\n\t\t\t\t<\/div>\n\t\t\t\t\t<\/div>\n\t\t\t\t<\/div>\n\t\t\t\t\t<\/div>\n\t\t\t\t<\/div>\n\t\t<div class=\"elementor-element elementor-element-7071c44 e-flex e-con-boxed e-con e-parent\" data-id=\"7071c44\" data-element_type=\"container\" id=\"content\" data-settings=\"{&quot;content_width&quot;:&quot;boxed&quot;}\" data-core-v316-plus=\"true\">\n\t\t\t\t\t<div class=\"e-con-inner\">\n\t\t\t\t<div class=\"elementor-element elementor-element-9e0dddb elementor-widget elementor-widget-spacer\" data-id=\"9e0dddb\" data-element_type=\"widget\" data-widget_type=\"spacer.default\">\n\t\t\t\t<div class=\"elementor-widget-container\">\n\t\t\t<style>\/*! elementor - v3.19.0 - 29-01-2024 *\/\n.elementor-column .elementor-spacer-inner{height:var(--spacer-size)}.e-con{--container-widget-width:100%}.e-con-inner>.elementor-widget-spacer,.e-con>.elementor-widget-spacer{width:var(--container-widget-width,var(--spacer-size));--align-self:var(--container-widget-align-self,initial);--flex-shrink:0}.e-con-inner>.elementor-widget-spacer>.elementor-widget-container,.e-con>.elementor-widget-spacer>.elementor-widget-container{height:100%;width:100%}.e-con-inner>.elementor-widget-spacer>.elementor-widget-container>.elementor-spacer,.e-con>.elementor-widget-spacer>.elementor-widget-container>.elementor-spacer{height:100%}.e-con-inner>.elementor-widget-spacer>.elementor-widget-container>.elementor-spacer>.elementor-spacer-inner,.e-con>.elementor-widget-spacer>.elementor-widget-container>.elementor-spacer>.elementor-spacer-inner{height:var(--container-widget-height,var(--spacer-size))}.e-con-inner>.elementor-widget-spacer.elementor-widget-empty,.e-con>.elementor-widget-spacer.elementor-widget-empty{position:relative;min-height:22px;min-width:22px}.e-con-inner>.elementor-widget-spacer.elementor-widget-empty .elementor-widget-empty-icon,.e-con>.elementor-widget-spacer.elementor-widget-empty .elementor-widget-empty-icon{position:absolute;top:0;bottom:0;left:0;right:0;margin:auto;padding:0;width:22px;height:22px}<\/style>\t\t<div class=\"elementor-spacer\">\n\t\t\t<div class=\"elementor-spacer-inner\"><\/div>\n\t\t<\/div>\n\t\t\t\t<\/div>\n\t\t\t\t<\/div>\n\t\t<div class=\"elementor-element elementor-element-679455a e-flex e-con-boxed e-con e-child\" data-id=\"679455a\" data-element_type=\"container\" data-settings=\"{&quot;content_width&quot;:&quot;boxed&quot;}\">\n\t\t\t\t\t<div class=\"e-con-inner\">\n\t\t\t\t<div class=\"elementor-element elementor-element-1af05e3 elementor-widget elementor-widget-text-editor\" data-id=\"1af05e3\" data-element_type=\"widget\" data-widget_type=\"text-editor.default\">\n\t\t\t\t<div class=\"elementor-widget-container\">\n\t\t\t<style>\/*! elementor - v3.19.0 - 29-01-2024 *\/\n.elementor-widget-text-editor.elementor-drop-cap-view-stacked .elementor-drop-cap{background-color:#69727d;color:#fff}.elementor-widget-text-editor.elementor-drop-cap-view-framed .elementor-drop-cap{color:#69727d;border:3px solid;background-color:transparent}.elementor-widget-text-editor:not(.elementor-drop-cap-view-default) .elementor-drop-cap{margin-top:8px}.elementor-widget-text-editor:not(.elementor-drop-cap-view-default) .elementor-drop-cap-letter{width:1em;height:1em}.elementor-widget-text-editor .elementor-drop-cap{float:left;text-align:center;line-height:1;font-size:50px}.elementor-widget-text-editor .elementor-drop-cap-letter{display:inline-block}<\/style>\t\t\t\t<p>Hlavn\u00e9 zameranie spolo\u010dnosti FINACCON, s.r.o po jej zalo\u017een\u00ed bolo vedenie jednoduch\u00e9ho a podvojn\u00e9ho \u00fa\u010dtovn\u00edctva. Z d\u00f4vodu roz\u0161irovania sa podnikate\u013esk\u00e9ho priestoru, a t\u00fdm aj mo\u017enost\u00ed poskytn\u00fa\u0165 \u0161ir\u0161ie spektrum slu\u017eieb pre dom\u00e1cich a zahrani\u010dn\u00fdch z\u00e1kazn\u00edkov, ako aj neust\u00e1le meniacej sa legislat\u00edvy, spolo\u010dnos\u0165 FINACCON oslovila svojich z\u00e1kazn\u00edkov s ponukou komplexn\u00fdch slu\u017eieb spojen\u00fdch \u00fa\u010dtovn\u00fdm, ekonomick\u00fdm a finan\u010dn\u00fdm poradenstvom.<\/p>\t\t\t\t\t\t<\/div>\n\t\t\t\t<\/div>\n\t\t\t\t\t<\/div>\n\t\t\t\t<\/div>\n\t\t\t\t\t<\/div>\n\t\t\t\t<\/div>\n\t\t<div class=\"elementor-element elementor-element-32d816a e-con-full e-flex e-con e-parent\" data-id=\"32d816a\" data-element_type=\"container\" data-settings=\"{&quot;content_width&quot;:&quot;full&quot;}\" data-core-v316-plus=\"true\">\n\t\t\t\t<div class=\"elementor-element elementor-element-b9bcb8b elementor-widget elementor-widget-html\" data-id=\"b9bcb8b\" data-element_type=\"widget\" data-widget_type=\"html.default\">\n\t\t\t\t<div class=\"elementor-widget-container\">\n\t\t\t<script async src=\"https:\/\/maps.googleapis.com\/maps\/api\/js?key=AIzaSyAlkMC2zI5uAo9sPCiaD9gpuPM60uNFSiw&callback=initMap&libraries=maps,marker&v=beta\">\n<\/script>\n    \n<script>\nfunction initMap() {\n  const HQLng = { lat: 48.30718709867907, lng: 18.07682783531136 };\n  \n  const BALatLng = { lat: 48.15544318592305, lng: 17.111632897040423 }\n  \n  const PreselanyLatLng = {\n      lat: 48.4521788505252, lng: 18.10207709733869\n  }\n  \n  const TrnavaLatLng = {\n      lat: 48.377774871274376, lng: 17.58971089733545\n  }\n  \n  const DubNVahomLatLng = {\n      lat: 48.97022398543935, lng: 18.20184799736065\n  }\n  \n  const centerLatLng = {\n      lat: 48.672548612155204, \n      lng: 19.412457071090422\n  }\n  \n  const BAcontent = '<p>Kancel\u00e1ria v Bratislave<\/p>';\n  \n  const HQcontent = '<p>S\u00eddlo spolo\u010dnosti<\/p>';\n  \n  const Preselanycontent = '<p>Kancel\u00e1ria v Prese\u013eanoch<\/p>';\n  \n  const Trnavacontent = '<p>Kancel\u00e1ria v Trnave<\/p>';\n  \n  const DubNVahomcontent = '<p>Kancel\u00e1ria v Dubnici nad V\u00e1hom<\/p>';\n  \n  const map = new google.maps.Map(document.getElementById(\"map\"), {\n    zoom: 7.8,\n    center: centerLatLng,\n  });\n\n  const HQmarker = new google.maps.Marker({\n    position: HQLng,\n    map,\n  });\n  \n  const BAmarker = new google.maps.Marker({\n    position: BALatLng,\n    map,\n  });\n  \n\n  \n  const DubNVahommarker = new google.maps.Marker({\n    position: DubNVahomLatLng,\n    map,\n  });\n  \n  const Trnavamarker = new google.maps.Marker({\n    position: TrnavaLatLng,\n    map,\n  });\n    \n    const HQinfowindow = new google.maps.InfoWindow({\n    content: HQcontent\n  });\n \n  const BAinfowindow = new google.maps.InfoWindow({\n      content: BAcontent\n  });\n  \n\n  \n  const Trnavainfowindow = new google.maps.InfoWindow({\n      content: Trnavacontent\n  });\n  \n  const DubNVahominfowindow = new google.maps.InfoWindow({\n      content: DubNVahomcontent\n  });\n  \n    HQmarker.addListener(\"click\", () => {\n    HQinfowindow.open({\n      anchor: HQmarker,\n      map,\n    });\n  });\n  \n  BAmarker.addListener(\"click\", () => {\n    BAinfowindow.open({\n      anchor: BAmarker,\n      map,\n    });\n  });\n  \n\n  \n  Trnavamarker.addListener(\"click\", () => {\n    Trnavainfowindow.open({\n      anchor: Trnavamarker,\n      map,\n    });\n  });\n  \n  DubNVahommarker.addListener(\"click\", () => {\n    DubNVahominfowindow.open({\n      anchor: DubNVahommarker,\n      map,\n    });\n  });\n  \n    \n}\n\n  window.initMap = initMap;\n<\/script>\n   \n    <style>\n        #map {\n            min-height: 350px;\n            width: 100%;\n        }\n    <\/style>\n    <div id=\"map\"><\/div>\n    \n    \n    \n    \n    \t\t<\/div>\n\t\t\t\t<\/div>\n\t\t\t\t<\/div>\n\t\t<div class=\"elementor-element elementor-element-4d2fdb1 e-flex e-con-boxed e-con e-parent\" data-id=\"4d2fdb1\" data-element_type=\"container\" data-settings=\"{&quot;content_width&quot;:&quot;boxed&quot;}\" data-core-v316-plus=\"true\">\n\t\t\t\t\t<div class=\"e-con-inner\">\n\t\t\t\t<div class=\"elementor-element elementor-element-b961014 elementor-widget__width-initial elementor-widget elementor-widget-text-editor\" data-id=\"b961014\" data-element_type=\"widget\" data-widget_type=\"text-editor.default\">\n\t\t\t\t<div class=\"elementor-widget-container\">\n\t\t\t\t\t\t\t<h2>Kto sme<\/h2>\t\t\t\t\t\t<\/div>\n\t\t\t\t<\/div>\n\t\t\t\t<div class=\"elementor-element elementor-element-6da77ab elementor-widget elementor-widget-text-editor\" data-id=\"6da77ab\" data-element_type=\"widget\" data-widget_type=\"text-editor.default\">\n\t\t\t\t<div class=\"elementor-widget-container\">\n\t\t\t\t\t\t\t<p>Spolo\u010dnos\u0165 FINACCON s.r.o. patr\u00ed medzi men\u0161ie podniky a jej charakteristikou je, \u017ee spolupracuje s odborn\u00edkmi z r\u00f4znych oblast\u00ed na b\u00e1ze extern\u00e9ho poradenstva. Zamestnanci spolo\u010dnosti FINACCON s.r.o. maj\u00fa odborn\u00e9 a jazykov\u00e9 znalosti , ktor\u00e9 z\u00edskali po\u010das vykon\u00e1vania pr\u00e1c v spolo\u010dnostiach v nieko\u013ek\u00fdch krajin\u00e1ch eur\u00f3py.<\/p>\t\t\t\t\t\t<\/div>\n\t\t\t\t<\/div>\n\t\t\t\t<div class=\"elementor-element elementor-element-66b566a elementor-widget elementor-widget-text-editor\" data-id=\"66b566a\" data-element_type=\"widget\" data-widget_type=\"text-editor.default\">\n\t\t\t\t<div class=\"elementor-widget-container\">\n\t\t\t\t\t\t\t<h2>Cie\u013e<\/h2><p>Cie\u013eom na\u0161ej spolo\u010dnosti je zefekt\u00edvnenie \u010dinnosti na\u0161ich klientov, zjednodu\u0161enie administrat\u00edvnych pr\u00e1c, vytvorenie \u010dasov\u00e9ho priestoru pre rozvoj vlastn\u00fdch podnikate\u013esk\u00fdch aktiv\u00edt, ktor\u00e9 zabezpe\u010dia ich poz\u00edciu na trhu.<\/p>\t\t\t\t\t\t<\/div>\n\t\t\t\t<\/div>\n\t\t\t\t<div class=\"elementor-element elementor-element-a0ab7b3 elementor-widget elementor-widget-text-editor\" data-id=\"a0ab7b3\" data-element_type=\"widget\" data-widget_type=\"text-editor.default\">\n\t\t\t\t<div class=\"elementor-widget-container\">\n\t\t\t\t\t\t\t<h2>Individu\u00e1lny pr\u00edstup<\/h2>\nOkrem flexibility a komplexnosti poskytovan\u00fdch odborn\u00fdch slu\u017eieb spolo\u010dnosti FINACCON s.r.o. pon\u00faka individu\u00e1lny pr\u00edstup ku ka\u017ed\u00e9mu zmluvn\u00e9mu partnerovi.\t\t\t\t\t\t<\/div>\n\t\t\t\t<\/div>\n\t\t\t\t<div class=\"elementor-element elementor-element-bf86a1e elementor-widget elementor-widget-text-editor\" data-id=\"bf86a1e\" data-element_type=\"widget\" data-widget_type=\"text-editor.default\">\n\t\t\t\t<div class=\"elementor-widget-container\">\n\t\t\t\t\t\t\t<h2>D\u00f4vera<\/h2>\nSnahou na\u0161ej spolo\u010dnosti je vytvorenie obchodn\u00e9ho vz\u0165ahu zalo\u017een\u00e9ho na obojstrannej d\u00f4vere, diskr\u00e9tnosti, seri\u00f3znosti a maxim\u00e1lnej spokojnosti na\u0161ich partnerov.\t\t\t\t\t\t<\/div>\n\t\t\t\t<\/div>\n\t\t\t\t\t<\/div>\n\t\t\t\t<\/div>\n\t\t\t\t<\/div>\n\t\t","protected":false},"excerpt":{"rendered":"<p>\u00da\u010dtovn\u00edctvo a poradenstvo Zisti\u0165 viac Hlavn\u00e9 zameranie spolo\u010dnosti FINACCON, s.r.o po jej zalo\u017een\u00ed bolo vedenie jednoduch\u00e9ho a podvojn\u00e9ho \u00fa\u010dtovn\u00edctva. Z d\u00f4vodu roz\u0161irovania sa podnikate\u013esk\u00e9ho priestoru, a t\u00fdm aj mo\u017enost\u00ed poskytn\u00fa\u0165 \u0161ir\u0161ie spektrum slu\u017eieb pre dom\u00e1cich a zahrani\u010dn\u00fdch z\u00e1kazn\u00edkov, ako aj neust\u00e1le meniacej sa legislat\u00edvy, spolo\u010dnos\u0165 FINACCON oslovila svojich z\u00e1kazn\u00edkov s ponukou komplexn\u00fdch slu\u017eieb spojen\u00fdch \u00fa\u010dtovn\u00fdm, [&hellip;]<\/p>\n","protected":false},"author":1,"featured_media":0,"parent":0,"menu_order":0,"comment_status":"closed","ping_status":"closed","template":"elementor_header_footer","meta":{"inline_featured_image":false,"footnotes":""},"class_list":["post-9","page","type-page","status-publish","hentry"],"_links":{"self":[{"href":"https:\/\/finaccon.sk\/index.php\/wp-json\/wp\/v2\/pages\/9","targetHints":{"allow":["GET"]}}],"collection":[{"href":"https:\/\/finaccon.sk\/index.php\/wp-json\/wp\/v2\/pages"}],"about":[{"href":"https:\/\/finaccon.sk\/index.php\/wp-json\/wp\/v2\/types\/page"}],"author":[{"embeddable":true,"href":"https:\/\/finaccon.sk\/index.php\/wp-json\/wp\/v2\/users\/1"}],"replies":[{"embeddable":true,"href":"https:\/\/finaccon.sk\/index.php\/wp-json\/wp\/v2\/comments?post=9"}],"version-history":[{"count":149,"href":"https:\/\/finaccon.sk\/index.php\/wp-json\/wp\/v2\/pages\/9\/revisions"}],"predecessor-version":[{"id":678,"href":"https:\/\/finaccon.sk\/index.php\/wp-json\/wp\/v2\/pages\/9\/revisions\/678"}],"wp:attachment":[{"href":"https:\/\/finaccon.sk\/index.php\/wp-json\/wp\/v2\/media?parent=9"}],"curies":[{"name":"wp","href":"https:\/\/api.w.org\/{rel}","templated":true}]}}